{"id":15,"date":"2014-09-12T11:40:21","date_gmt":"2014-09-12T11:40:21","guid":{"rendered":"https:\/\/gregor.aip.de\/cms\/?page_id=15"},"modified":"2021-12-07T09:25:35","modified_gmt":"2021-12-07T09:25:35","slug":"imprint","status":"publish","type":"page","link":"https:\/\/gregor.aip.de\/cms\/imprint\/","title":{"rendered":"Imprint &#038; Data Protection Statement"},"content":{"rendered":"<p>gregor.aip.de is\u00a0a service by the <a href=\"http:\/\/www.aip.de\">Leibniz-Institute for Astrophysics Potsdam (AIP)<\/a>. The impressum of the AIP can be found at\u00a0<a href=\"http:\/\/www.aip.de\/en\/impressum\">http:\/\/www.aip.de\/en\/impressum<\/a>.<\/p>\n<p>Protection of your privacy when using our websites is important to us. gregor.aip.de follows the Data Protection Statement of the AIP, which is accessible at <a href=\"http:\/\/www.aip.de\/en\/impressum\/Data-Protection-Statement\">http:\/\/www.aip.de\/en\/impressum\/Data-Protection-Statement<\/a>.<\/p>\n<hr \/>\n<h2>Impressum &#038; Datenschutz<\/h2>\n<p>gregor.aip.de wird durch das <a href=\"http:\/\/www.aip.de\">Leibniz-Institut f\u00fcr Astrophysik Potsdam (AIP)<\/a> betrieben. Es gilt das unter <a href=\"http:\/\/www.aip.de\/en\/impressum\">http:\/\/www.aip.de\/de\/impressum<\/a> zu findende Impressum des AIP.<\/p>\n<p>Der Schutz Ihrer Privatsph\u00e4re bei der Nutzung unserer Webseiten ist uns wichtig. F\u00fcr gregor.aip.de gilt die Datenschutzerkl\u00e4rung des AIP, welche unter <a href=\"http:\/\/www.aip.de\/de\/impressum\/datenschutzerklaerung\">http:\/\/www.aip.de\/de\/impressum\/datenschutzerklaerung<\/a> abrufbar ist.<\/p>\n","protected":false},"excerpt":{"rendered":"<p>gregor.aip.de is\u00a0a service by the Leibniz-Institute for Astrophysics Potsdam (AIP). The impressum of the AIP can be found at\u00a0http:\/\/www.aip.de\/en\/impressum. Protection of your privacy when using our websites is important to us. gregor.aip.de follows the Data Protection Statement of the AIP, which is accessible at http:\/\/www.aip.de\/en\/impressum\/Data-Protection-Statement. Impressum &#038; Datenschutz gregor.aip.de wird durch das Leibniz-Institut f\u00fcr Astrophysik [&hellip;]<\/p>\n","protected":false},"author":2,"featured_media":0,"parent":0,"menu_order":100,"comment_status":"closed","ping_status":"closed","template":"","meta":{"footnotes":""},"class_list":["post-15","page","type-page","status-publish","hentry"],"_links":{"self":[{"href":"https:\/\/gregor.aip.de\/cms\/wp-json\/wp\/v2\/pages\/15","targetHints":{"allow":["GET"]}}],"collection":[{"href":"https:\/\/gregor.aip.de\/cms\/wp-json\/wp\/v2\/pages"}],"about":[{"href":"https:\/\/gregor.aip.de\/cms\/wp-json\/wp\/v2\/types\/page"}],"author":[{"embeddable":true,"href":"https:\/\/gregor.aip.de\/cms\/wp-json\/wp\/v2\/users\/2"}],"replies":[{"embeddable":true,"href":"https:\/\/gregor.aip.de\/cms\/wp-json\/wp\/v2\/comments?post=15"}],"version-history":[{"count":3,"href":"https:\/\/gregor.aip.de\/cms\/wp-json\/wp\/v2\/pages\/15\/revisions"}],"predecessor-version":[{"id":382,"href":"https:\/\/gregor.aip.de\/cms\/wp-json\/wp\/v2\/pages\/15\/revisions\/382"}],"wp:attachment":[{"href":"https:\/\/gregor.aip.de\/cms\/wp-json\/wp\/v2\/media?parent=15"}],"curies":[{"name":"wp","href":"https:\/\/api.w.org\/{rel}","templated":true}]}}